{"id":10,"date":"2018-01-12T07:50:11","date_gmt":"2018-01-12T07:50:11","guid":{"rendered":"http:\/\/demo.wenthemes.com\/surya-chandra-lite\/?page_id=10"},"modified":"2020-04-04T20:41:01","modified_gmt":"2020-04-04T20:41:01","slug":"programm_atzgersdorf","status":"publish","type":"page","link":"https:\/\/lanaki.at\/index.php\/programm_atzgersdorf\/","title":{"rendered":"Programm Atzgersdorf"},"content":{"rendered":"<div id=\"pl-10\"  class=\"panel-layout\" ><div id=\"pg-10-0\"  class=\"panel-grid panel-no-style\" ><div id=\"pgc-10-0-0\"  class=\"panel-grid-cell\" ><div id=\"panel-10-0-0-0\" class=\"so-panel widget widget_sow-editor panel-first-child panel-last-child\" data-index=\"0\" ><div\n\t\t\t\n\t\t\tclass=\"so-widget-sow-editor so-widget-sow-editor-base\"\n\t\t\t\n\t\t>\n<div class=\"siteorigin-widget-tinymce textwidget\">\n\t<p><img decoding=\"async\" loading=\"lazy\" class=\"size-medium wp-image-517 alignleft\" src=\"http:\/\/lanaki.at\/wp-content\/uploads\/2020\/02\/Logo-gerade-212x300.png\" alt=\"\" width=\"212\" height=\"300\" srcset=\"https:\/\/lanaki.at\/wp-content\/uploads\/2020\/02\/Logo-gerade-212x300.png 212w, https:\/\/lanaki.at\/wp-content\/uploads\/2020\/02\/Logo-gerade-724x1024.png 724w, https:\/\/lanaki.at\/wp-content\/uploads\/2020\/02\/Logo-gerade-768x1087.png 768w, https:\/\/lanaki.at\/wp-content\/uploads\/2020\/02\/Logo-gerade-1085x1536.png 1085w, https:\/\/lanaki.at\/wp-content\/uploads\/2020\/02\/Logo-gerade-1447x2048.png 1447w\" sizes=\"(max-width: 212px) 100vw, 212px\" \/><\/p>\n<p style=\"background: white; margin: 0cm 0cm 11.25pt 0cm;\"><span style=\"font-family: 'Arial','sans-serif'; color: #888888;\">Eigentlich war alles schon bereit f\u00fcr die \"Lange Nacht der Kirchen\": das Programm zusammengestellt, die Aufgaben verteilt, die Vorbereitungen schon weit gediehen, die Dom\u00e4ne gesichert, das LANAKI-NET bereit ...<\/span><\/p>\n<p style=\"background: white; margin: 0cm 0cm 11.25pt 0cm;\"><span style=\"font-family: 'Arial','sans-serif'; color: #888888;\">Dann kam alles anders: Pandemie, Einschr\u00e4nkungen, Absagen ...<\/span><\/p>\n<p style=\"background: white; margin: 0cm 0cm 11.25pt 0cm;\"><span style=\"font-family: 'Arial','sans-serif'; color: #888888;\">Auch wir sind nat\u00fcrlich davon betroffen: So viele in unserer Gemeinde haben sich schon auf das Event gefreut!<\/span><\/p>\n<p style=\"background: white; margin: 0cm 0cm 11.25pt 0cm;\"><span style=\"font-family: 'Arial','sans-serif'; color: #888888;\">Und nun: das Event verschoben auf Juni 2021 !!<\/span><\/p>\n<p style=\"background: white; margin: 0cm 0cm 11.25pt 0cm;\"><span style=\"font-family: 'Arial','sans-serif'; color: #888888;\">Kontakte eingeschr\u00e4nkt (sinnvollerweise, weil nur so die Pandemie bek\u00e4mpfbar) - Messfeiern ohne Gemeinde - kein Sonntagskaffe nach der Messe - keine Verbindung mehr untereinander?<\/span><\/p>\n<p style=\"background: white; margin: 0cm 0cm 11.25pt 0cm;\"><strong><span style=\"font-family: 'Arial','sans-serif'; color: blue;\">NEIN - wir lassen uns nicht kleinkriegen<\/span><\/strong><span style=\"font-family: 'Arial','sans-serif'; color: #888888;\">: <span style=\"color: #0000ff;\">Gerade JETZT denken wir aneinander,<\/span> schauen, ob wir unterst\u00fctzen und helfen k\u00f6nnen und denken wir an die vielen anderen Gemeinden, die weltweit genauso betroffen sind und mancherorts sogar noch in den Anf\u00e4ngen der Katastrophe stecken.<\/span><\/p>\n<p style=\"background: white; margin: 0cm 0cm 11.25pt 0cm;\"><span style=\"font-family: 'Arial','sans-serif'; color: #888888;\">Ostern ist das h\u00f6chste Fest der Christenheit. Es ist das Gedenken vom Sterben und von der Wiederauferstehung. Passt doch eigentlich (traurigerweise!) genau auf die aktuelle Situation - oder? Wir denken in diesen Tagen an alle, die von der Krise direkt oder indirekt betroffen sind ! Freuen uns mit jenen, die sie \u00fcberstanden haben und denken und beten f\u00fcr jene, die Gott zu sich gerufen hat.<\/span><\/p>\n<p style=\"background: white; margin: 0cm 0cm 11.25pt 0cm;\"><span style=\"font-family: 'Arial','sans-serif'; color: #888888;\">Wir denken an die Menschen in den anderen Pfarrgemeinden oder besser einfach an alle Menschen, die durch diese Krise durchm\u00fcssen.<\/span><\/p>\n<p style=\"background: white; margin: 0cm 0cm 11.25pt 0cm;\"><strong><i><span style=\"font-family: 'Arial','sans-serif'; color: blue;\">\"Wir\" werden das auch schaffen ! Mit Gottes Hilfe:<\/span><\/i><\/strong><em><span style=\"font-family: 'Arial','sans-serif'; color: blue;\"> es wird der Tag kommen, an dem wir wieder \"auferstehen\" und zusammenkommen und gemeinsam feiern k\u00f6nnen ! <strong>Sicher<\/strong> !<\/span><\/em><\/p>\n<p style=\"background: white; margin: 0cm 0cm 11.25pt 0cm;\"><span style=\"font-family: 'Arial','sans-serif'; color: #888888;\">Die Aktion LANAKI-NET ist nun einer der vielen kleinen Beitr\u00e4ge und der Versuch zu dokumentieren, dass wir NICHT ALLEIN sind, zu zeigen, wie viele Christen wir sind und dass wir uns NICHT gegenseitig VERGESSEN ! \u00dcber eine \"Botschaft\", gesendet von Pfarre zu Pfarre, von Mensch zu Mensch.<\/span><\/p>\n<p style=\"background: white; margin: 0cm 0cm 11.25pt 0cm;\"><span style=\"font-family: 'Arial','sans-serif'; color: #888888;\">Mit LANAKI-NET wurde dazu eine Plattform bereitgestellt. Um jenen Mut zu geben, die sich nun \"verlassen\" f\u00fchlen.<\/span><\/p>\n<p style=\"background: white; margin: 0cm 0cm 11.25pt 0cm;\"><span style=\"font-family: 'Arial','sans-serif'; color: #888888;\">Die Pfarre Atzgersdorf in Wien, 1230 Kirchenplatz ,1 hat diese Initiative gestartet, um zu zeigen, dass wir Christen gerade in Krisenzeiten nicht allein sind: es gibt sicher eine Gemeinschaft, die an euch denkt, die f\u00fcr euch betet, die sich auf ein Wiedersehen mit euch freut. - also verlieren wir nicht die Hoffnung!<\/span><\/p>\n<p style=\"background: white; margin: 0cm 0cm 11.25pt 0cm;\"><span style=\"font-family: 'Arial','sans-serif'; color: #888888;\">Und es gibt sicher eine Gemeinschaft, an die IHR in diesen Tagen denkt - warum dokumentiert ihr das denn nicht einfach - zum Beispiel \u00fcber das LANAKI-NET !<\/span><\/p>\n<p style=\"background: white; margin: 0cm 0cm 11.25pt 0cm;\"><span style=\"font-family: 'Arial','sans-serif'; color: #888888;\">Also: Nutzt die Gelegenheit, an befreundete Gemeinschaften einen \"Ostergru\u00df\" zu schicken !<\/span><\/p>\n<p style=\"background: white; margin: 0cm 0cm 11.25pt 0cm;\"><span style=\"font-family: 'Arial','sans-serif'; color: #888888;\">Wenn ihr auf LANAKI-NET geht, wird euch eine Weltkarte gezeigt mit Kirchen. In \u00d6sterreich (fast) alle, in den restlichen L\u00e4ndern stellvertretend f\u00fcr die christliche Gemeinschaft dieses Landes eine Kirche in der Hauptstadt, eventuell weitere Missionen, die uns gemeldet wurden (es war nicht viel Zeit - sorry !). W\u00e4hlt eure Heimat-Kirche - oder die, in der ihr gerade wirkt - und setzt diese als \"Meine Kirche\" - sie wird dann rot eingef\u00e4rbt. Scrollt dann zur Kirche, an deren Gemeinschaft ihr eine Osterbotschaft senden wollt, w\u00e4hlt \"Nachricht senden\" und selektiert eine der vorgeschlagenen Botschaften.<\/span><\/p>\n<p style=\"background: white; margin: 0cm 0cm 11.25pt 0cm;\"><span style=\"font-family: 'Arial','sans-serif'; color: #888888;\">Mit \"Send\" wird diese Nachricht dann \"abgesendet\"<\/span><\/p>\n<p style=\"background: white; margin: 0cm 0cm 11.25pt 0cm;\"><span style=\"font-family: 'Arial','sans-serif'; color: #888888;\">Die Linien, mit denen die beiden Orte bzw. Kirchen - jener des Absenders und jener der Empf\u00e4nger - verbinden, zeigen weltweit allen, wie sehr wir vernetzt sind!<\/span><\/p>\n<p style=\"background: white; margin: 0cm 0cm 11.25pt 0cm;\"><span style=\"font-family: 'Arial', 'sans-serif'; color: #0000ff;\">Also bitte: Nutzt die Gelegenheit und macht mit !<\/span><\/p>\n<p style=\"background: white; margin: 0cm 0cm 11.25pt 0cm;\"><span style=\"color: #0000ff;\"><strong><span style=\"font-family: 'Arial', 'sans-serif';\">Danke, frohe Ostern und Gottes Segen,<\/span><\/strong><\/span><\/p>\n<p style=\"background: white; margin: 0cm 0cm 11.25pt 0cm;\"><span style=\"color: #0000ff;\"><strong><span style=\"font-family: 'Arial', 'sans-serif';\">Mag. Peter P\u00f6sze, Pfarrer<\/span><\/strong><\/span><\/p><\/p>\n<\/div>\n<\/div><\/div><\/div><\/div><\/div>","protected":false},"excerpt":{"rendered":"<p>Eigentlich war alles schon bereit f\u00fcr die &#8222;Lange Nacht der Kirchen&#8220;: das Programm zusammengestellt, die Aufgaben verteilt, die Vorbereitungen schon weit gediehen, die Dom\u00e4ne gesichert, das LANAKI-NET bereit &#8230; Dann kam alles anders: Pandemie, Einschr\u00e4nkungen, Absagen &#8230; Auch wir sind nat\u00fcrlich davon betroffen: So viele in unserer Gemeinde haben sich <a href=\"https:\/\/lanaki.at\/index.php\/programm_atzgersdorf\/\" class=\"more-link\">Read More<\/a><\/p>\n","protected":false},"author":2,"featured_media":580,"parent":0,"menu_order":0,"comment_status":"closed","ping_status":"closed","template":"tpl-full-width.php","meta":[],"_links":{"self":[{"href":"https:\/\/lanaki.at\/index.php\/wp-json\/wp\/v2\/pages\/10"}],"collection":[{"href":"https:\/\/lanaki.at\/index.php\/wp-json\/wp\/v2\/pages"}],"about":[{"href":"https:\/\/lanaki.at\/index.php\/wp-json\/wp\/v2\/types\/page"}],"author":[{"embeddable":true,"href":"https:\/\/lanaki.at\/index.php\/wp-json\/wp\/v2\/users\/2"}],"replies":[{"embeddable":true,"href":"https:\/\/lanaki.at\/index.php\/wp-json\/wp\/v2\/comments?post=10"}],"version-history":[{"count":30,"href":"https:\/\/lanaki.at\/index.php\/wp-json\/wp\/v2\/pages\/10\/revisions"}],"predecessor-version":[{"id":822,"href":"https:\/\/lanaki.at\/index.php\/wp-json\/wp\/v2\/pages\/10\/revisions\/822"}],"wp:featuredmedia":[{"embeddable":true,"href":"https:\/\/lanaki.at\/index.php\/wp-json\/wp\/v2\/media\/580"}],"wp:attachment":[{"href":"https:\/\/lanaki.at\/index.php\/wp-json\/wp\/v2\/media?parent=10"}],"curies":[{"name":"wp","href":"https:\/\/api.w.org\/{rel}","templated":true}]}}