{"id":720,"date":"2020-03-09T10:35:24","date_gmt":"2020-03-09T10:35:24","guid":{"rendered":"http:\/\/lanaki.at\/?page_id=720"},"modified":"2020-04-04T20:46:07","modified_gmt":"2020-04-04T20:46:07","slug":"pr","status":"publish","type":"page","link":"https:\/\/lanaki.at\/index.php\/pr\/","title":{"rendered":"PR"},"content":{"rendered":"<div id=\"pl-720\"  class=\"panel-layout\" ><div id=\"pg-720-0\"  class=\"panel-grid panel-has-style\" ><div class=\"siteorigin-panels-stretch panel-row-style-full-width panel-row-style panel-row-style-for-720-0\" data-stretch-type=\"full\" ><div id=\"pgc-720-0-0\"  class=\"panel-grid-cell\" ><div id=\"panel-720-0-0-0\" class=\"so-panel widget widget_sow-editor panel-first-child panel-last-child\" data-index=\"0\" ><div class=\"panel-widget-style panel-widget-style-for-720-0-0-0\" ><div\n\t\t\t\n\t\t\tclass=\"so-widget-sow-editor so-widget-sow-editor-base\"\n\t\t\t\n\t\t>\n<div class=\"siteorigin-widget-tinymce textwidget\">\n\t<h3><\/h3>\n<h3>Das Team hinter \"Lanaki.at\"<\/h3>\n<h5>Das Team hinter der \"LANAKI\"-Initiative der Vernetzungsseite sind drei Softwarespezialisten:<\/h5>\n<p><span style=\"color: #0000ff;\"><strong>Franz EILENBERGER, <\/strong><span style=\"color: #808080;\">unser GUI und GIS-Spezialist, energiegeladen von Klettern und Bouldern, der die Web-Oberfl\u00e4che entwickelt hat, und sich mit den vielen M\u00f6glichkeiten elektronischer Landkarten auskennt,<\/span><\/span><\/p>\n<p><span style=\"color: #0000ff;\"><strong>Stefan KNAPPITSCH<\/strong><\/span>, unser Datenbank-Spezialist: angetrieben von steirischem Kern\u00f6l, Entwickler der - leider viel zu wenig \"sichtbaren\" - Datenbank- und\u00a0 Hintergrundprogramme zur Sicherung, Aufbereitung Bereitstellung aller Information f\u00fcr die Bildschirmanzeig,<\/p>\n<p><strong><span style=\"color: #0000ff;\">Martin NOVAK<\/span><\/strong>, der \"Kopf\" der Sache, oft beginnend mit \"da k\u00f6nnt ma doch...\", worauf sich die anderen schnell verkriechen - und dann doch mitmachen:-)<\/p>\n<p>Die drei sind Mitglieder im Team der <a href=\"https:\/\/www.prosoftconsult.at\">Prosoft S\u00fcd Consulting GmbH<\/a>, einem industriellen Systemhaus, spezialisiert auf L\u00f6sungen f\u00fcr die Messung, Erfassung und Auswertung von Daten aus dem Mobilit\u00e4ts- und Transportwesen mit spezieller Ausrichtung auf den Eisenbahnbereich. Ans\u00e4ssig in S\u00fcden Wiens und eingebettet in die Pfarre <a href=\"http:\/\/www.pfarre-atzgersdorf.at\">Atzgersdorf<\/a> (1230 Wien), mit ihrer sehr aktiven und kreativen Gemeinde die ebenfalls mit Ideen, <em><strong>konstruktiver\u00a0<\/strong> <\/em>Kritik (\"des geht nie\", u.a.), Tests und Promotion.. an dieser Aktion mitarbeiteten.<\/p>\n<p>Unser <span style=\"color: #0000ff;\">ZIel<\/span> ist es, mit der heutigen Technik (= Internet)\u00a0 <span style=\"color: #0000ff;\">aufzuzeigen, wie viele<\/span> wir sind und <span style=\"color: #0000ff;\">wie gut wir (Christen) \"vernetzt\"<\/span> sind - und gerade JETZT, das wir \"verbunden\" bleiben!<\/p>\n<p>Das <span style=\"color: #0000ff;\"><strong>Thema<\/strong> <\/span>der heurigen \"<span style=\"color: #ff00ff;\">Langen Nacht der Kirchen<\/span>\" (-&gt;\"<span style=\"color: #ff00ff;\">LA NA KI<\/span>\") - geplant am 5.Juni 2020 - war \"<span style=\"color: #0000ff;\"><em><strong>Sch\u00f6pfungsbewahrung<\/strong><\/em><\/span>\" und damit eine Fokussierung auf Themen betreff dem <span style=\"color: #0000ff;\">Erhalt, der Bewahrung und dem sorgsamen Umgang mit Umwelt und Ressourcen<\/span>.Viele Aktionen um diese Themen waren geplant und bereits auch in Vorbereitung (z.B. strickten unsere Junggebliebenen Pullis f\u00fcr die Behandlung von Zwergpinguinen nach \u00d6lunf\u00e4llen in S\u00fcdaustralien..), Konzerte und Ausstellungen..<\/p>\n<p>Auch planen wir (unabh\u00e4ngig von der Langen Nacht der Kirchen) , die Pfarrgeb\u00e4ude soweit als m\u00f6glich mittels <span style=\"color: #0000ff;\">Solarenergie zu versorgen<\/span> und damit zur Reduktion von CO2 beizutragen, haben aktive Unterst\u00fctzungs-Teams f\u00fcr die Senioren unserer Gemeinde und eine aktive Jugend !<\/p>\n<p>Die \"Lange Nacht der Kirchen\" hat uns der Virus auf tragische Weise vermasselt, aber <span style=\"color: #0000ff;\">wir lassen uns nicht unterkriegen<\/span> !<\/p>\n<p>Unter dem Motto \"<span style=\"color: #0000ff;\"><em><strong>Wir bleiben in Verbindung<\/strong><\/em><\/span>\" findet diese<span style=\"color: #0000ff;\"> Aktion halt nun um die Osterfeiertage statt<\/span> !<\/p>\n<p><span style=\"color: #0000ff;\">Wenn Sie euch gef\u00e4llt: macht einfach mit !<\/span><\/p>\n<p>Habt ihr noch einen Kommentar dazu - nutzt bitte das <a href=\"http:\/\/lanaki.at\/index.php\/contact\/\" target=\"_blank\" rel=\"noopener\">Kontaktformular<\/a>.<\/p>\n<p>F\u00fcr das Organisationsteam der Langen Nacht der Kirchen, Atzgersdorf<br \/>\nM.Novak<\/p>\n<\/p>\n<h3>\n<\/div>\n<\/div>\n<\/div>\n<\/div>\n<\/div>\n<\/div>\n<\/div>\n<\/div>\n<\/div>\n<\/div>\n<\/div>\n<\/div><\/div><\/div><\/div><\/div><\/div><\/div>","protected":false},"excerpt":{"rendered":"<p>Das Team hinter &#8222;Lanaki.at&#8220; Das Team hinter der &#8222;LANAKI&#8220;-Initiative der Vernetzungsseite sind drei Softwarespezialisten: Franz EILENBERGER, unser GUI und GIS-Spezialist, energiegeladen von Klettern und Bouldern, der die Web-Oberfl\u00e4che entwickelt hat, und sich mit den vielen M\u00f6glichkeiten elektronischer Landkarten auskennt, Stefan KNAPPITSCH, unser Datenbank-Spezialist: angetrieben von steirischem Kern\u00f6l, Entwickler der &#8211; <a href=\"https:\/\/lanaki.at\/index.php\/pr\/\" class=\"more-link\">Read More<\/a><\/p>\n","protected":false},"author":2,"featured_media":0,"parent":0,"menu_order":0,"comment_status":"closed","ping_status":"closed","template":"tpl-full-width.php","meta":[],"_links":{"self":[{"href":"https:\/\/lanaki.at\/index.php\/wp-json\/wp\/v2\/pages\/720"}],"collection":[{"href":"https:\/\/lanaki.at\/index.php\/wp-json\/wp\/v2\/pages"}],"about":[{"href":"https:\/\/lanaki.at\/index.php\/wp-json\/wp\/v2\/types\/page"}],"author":[{"embeddable":true,"href":"https:\/\/lanaki.at\/index.php\/wp-json\/wp\/v2\/users\/2"}],"replies":[{"embeddable":true,"href":"https:\/\/lanaki.at\/index.php\/wp-json\/wp\/v2\/comments?post=720"}],"version-history":[{"count":36,"href":"https:\/\/lanaki.at\/index.php\/wp-json\/wp\/v2\/pages\/720\/revisions"}],"predecessor-version":[{"id":823,"href":"https:\/\/lanaki.at\/index.php\/wp-json\/wp\/v2\/pages\/720\/revisions\/823"}],"wp:attachment":[{"href":"https:\/\/lanaki.at\/index.php\/wp-json\/wp\/v2\/media?parent=720"}],"curies":[{"name":"wp","href":"https:\/\/api.w.org\/{rel}","templated":true}]}}